{"id":6419,"date":"2022-02-13T18:40:13","date_gmt":"2022-02-13T18:40:13","guid":{"rendered":"http:\/\/test.jolliffe.de\/slide-anything-popup-preview\/"},"modified":"2022-02-15T13:38:15","modified_gmt":"2022-02-15T13:38:15","slug":"slide-anything-popup-preview","status":"publish","type":"page","link":"https:\/\/www.jolliffe.de\/en\/slide-anything-popup-preview\/","title":{"rendered":"Slide Anything Popup Preview"},"content":{"rendered":"<div class='white' style='background:rgba(0,0,0,0); border:solid 0px rgba(0,0,0,0); border-radius:0px; padding:0px 0px 0px 0px;'>\n<div id='slider_6452' class='owl-carousel sa_owl_theme owl-pagination-true autohide-arrows' data-slider-id='slider_6452' style='visibility:hidden;'>\n<div id='slider_6452_slide01' class='sa_hover_container' style='padding:5% 5%; margin:0px 0%; min-height:40px; '><div class=\"slide\">\r\n<div class=\"item\">\r\n<blockquote>\r\n<p><em>\u201cF\u00fcr eine wichtige Pr\u00e4sentation hat Liz mich in wenigen Wochen soweit gebracht, dass ich sehr fl\u00fcssig und sicher auf Englisch vortragen konnte. Besonders gut gefallen haben mir ihr Engagement, die Ideen f\u00fcr Gespr\u00e4chsthemen, das genaue Abstimmen des Unterrichts auf meine spezielle Situation und ihre kenntnisreichen Tipps zu Pr\u00e4sentationen.\" Unternehmer, Kelkheim<\/em><\/p>\r\n<\/blockquote>\r\n<\/div>\r\n<\/div><\/div>\n<div id='slider_6452_slide02' class='sa_hover_container' style='padding:5% 5%; margin:0px 0%; min-height:40px; '><div class=\"slide\">\r\n<div class=\"item\">\r\n<blockquote>\r\n<p><em>\"Durch Liz habe ich es geschafft, meine Angst Englisch zu sprechen abzulegen. Ihr individuell angepasstes und abwechlungsreiches Englischtraining und -coaching sowie Ihre einf\u00fchlsame Art haben mir dabei geholfen meine Grammatik und meinen Kommunikationsstil zu verbessern und v.a. mein Selbstbewusstsein im Englischen aufzubauen.\"<\/em><\/p>\r\n<\/blockquote>\r\n<\/div>\r\n<\/div><\/div>\n<div id='slider_6452_slide03' class='sa_hover_container' style='padding:5% 5%; margin:0px 0%; min-height:40px; '><div class=\"slide\">\r\n<div class=\"item\">\r\n<blockquote>\r\n<p><em>\"Ich h\u00e4tte nie geglaubt, dass ich es je sagen werde, aber Englisch zu reden ohne Angstschwei\u00df auf der Stirn zu haben macht wirklich Spa\u00df! Jede einzelne Stunde hatte sich wirklich gelohnt und ich kann Liz Coachingstunden nur weiterempfehlen! Vielen Dank Liz!\u201c<\/em><br \/><em>HR Professional, Wiesbaden<\/em><\/p>\r\n<\/blockquote>\r\n<\/div>\r\n<\/div><\/div>\n<div id='slider_6452_slide04' class='sa_hover_container' style='padding:5% 5%; margin:0px 0%; min-height:40px; '><div class=\"slide\">\r\n<div class=\"item\">\r\n<blockquote>\r\n<p><em>\u201cLiz und Susanne haben mich hervorragend f\u00fcr mein Englisch\/Deutsch Interview vorbereitet. Der Ablauf und die Fragen bei der \u00dcbung haben dem \u2018echten\u2019 Interview entsprochen. Die beiden sind gut auf mich eingegangen so konnte ich meine Angst und Nervosit\u00e4t abbauen. Das Vorstellungsgespr\u00e4ch ist super gelaufen. Danke!\" Marketing Communications, Karlsruhe<\/em><\/p>\r\n<\/blockquote>\r\n<\/div>\r\n<\/div><\/div>\n<div id='slider_6452_slide05' class='sa_hover_container' style='padding:5% 5%; margin:0px 0%; min-height:40px; '><blockquote>\r\n<p><em>\"She is a truly effective, dedicated and enthusiastic instructor, the progress of her students and their consistently positive feedback being testament to this. She displays great skill in quickly analysing the exact needs of the clients, both from a linguistic and professional viewpoint, and developing tailored course programmes to suit their requirements.\"<\/em><\/p>\r\n<\/blockquote><\/div>\n<\/div>\n<\/div>\n<script type='text\/javascript'>\n\tjQuery(document).ready(function() {\n\t\tjQuery('#slider_6452').owlCarousel({\n\t\t\titems : 1,\n\t\t\tsmartSpeed : 500,\n\t\t\tautoplay : true,\n\t\t\tautoplayTimeout : 10000,\n\t\t\tautoplayHoverPause : true,\n\t\t\tsmartSpeed : 500,\n\t\t\tfluidSpeed : 500,\n\t\t\tautoplaySpeed : 500,\n\t\t\tnavSpeed : 500,\n\t\t\tdotsSpeed : 500,\n\t\t\tloop : true,\n\t\t\tnav : true,\n\t\t\tnavText : ['Previous','Next'],\n\t\t\tdots : true,\n\t\t\tresponsiveRefreshRate : 200,\n\t\t\tslideBy : 1,\n\t\t\tmergeFit : true,\n\t\t\tautoHeight : false,\n\t\t\tmouseDrag : false,\n\t\t\ttouchDrag : true\n\t\t});\n\t\tjQuery('#slider_6452').css('visibility', 'visible');\n\t\tvar owl_goto = jQuery('#slider_6452');\n\t\tjQuery('.slider_6452_goto1').click(function(event){\n\t\t\towl_goto.trigger('to.owl.carousel', 0);\n\t\t});\n\t\tjQuery('.slider_6452_goto2').click(function(event){\n\t\t\towl_goto.trigger('to.owl.carousel', 1);\n\t\t});\n\t\tjQuery('.slider_6452_goto3').click(function(event){\n\t\t\towl_goto.trigger('to.owl.carousel', 2);\n\t\t});\n\t\tjQuery('.slider_6452_goto4').click(function(event){\n\t\t\towl_goto.trigger('to.owl.carousel', 3);\n\t\t});\n\t\tjQuery('.slider_6452_goto5').click(function(event){\n\t\t\towl_goto.trigger('to.owl.carousel', 4);\n\t\t});\n\t\tvar resize_6452 = jQuery('.owl-carousel');\n\t\tresize_6452.on('initialized.owl.carousel', function(e) {\n\t\t\tif (typeof(Event) === 'function') {\n\t\t\t\twindow.dispatchEvent(new Event('resize'));\n\t\t\t} else {\n\t\t\t\tvar evt = window.document.createEvent('UIEvents');\n\t\t\t\tevt.initUIEvent('resize', true, false, window, 0);\n\t\t\t\twindow.dispatchEvent(evt);\n\t\t\t}\n\t\t});\n\t});\n<\/script>\n\n","protected":false},"excerpt":{"rendered":"","protected":false},"author":1,"featured_media":0,"parent":0,"menu_order":9999,"comment_status":"closed","ping_status":"closed","template":"","meta":{"footnotes":""},"class_list":["post-6419","page","type-page","status-publish","hentry"],"translation":{"provider":"WPGlobus","version":"3.0.2","language":"en","enabled_languages":["de","en"],"languages":{"de":{"title":true,"content":true,"excerpt":false},"en":{"title":false,"content":false,"excerpt":false}}},"_links":{"self":[{"href":"https:\/\/www.jolliffe.de\/en\/wp-json\/wp\/v2\/pages\/6419","targetHints":{"allow":["GET"]}}],"collection":[{"href":"https:\/\/www.jolliffe.de\/en\/wp-json\/wp\/v2\/pages"}],"about":[{"href":"https:\/\/www.jolliffe.de\/en\/wp-json\/wp\/v2\/types\/page"}],"author":[{"embeddable":true,"href":"https:\/\/www.jolliffe.de\/en\/wp-json\/wp\/v2\/users\/1"}],"replies":[{"embeddable":true,"href":"https:\/\/www.jolliffe.de\/en\/wp-json\/wp\/v2\/comments?post=6419"}],"version-history":[{"count":4,"href":"https:\/\/www.jolliffe.de\/en\/wp-json\/wp\/v2\/pages\/6419\/revisions"}],"predecessor-version":[{"id":6457,"href":"https:\/\/www.jolliffe.de\/en\/wp-json\/wp\/v2\/pages\/6419\/revisions\/6457"}],"wp:attachment":[{"href":"https:\/\/www.jolliffe.de\/en\/wp-json\/wp\/v2\/media?parent=6419"}],"curies":[{"name":"wp","href":"https:\/\/api.w.org\/{rel}","templated":true}]}}