{"id":5392,"date":"2022-02-03T09:41:40","date_gmt":"2022-02-03T09:41:40","guid":{"rendered":"http:\/\/test.jolliffe.de\/?page_id=5392"},"modified":"2022-02-16T13:26:53","modified_gmt":"2022-02-16T13:26:53","slug":"datenschutzerklaerung","status":"publish","type":"page","link":"https:\/\/www.jolliffe.de\/en\/datenschutzerklaerung\/","title":{"rendered":"Datenschutzerkl\u00e4rung"},"content":{"rendered":"\n<h4 class=\"wp-block-heading\" id=\"wer-wir-sind\">Wer wir sind<\/h4>\n\n\n\n<p><strong class=\"privacy-policy-tutorial\"> <\/strong>Die Adresse dieser Website ist: <strong>https:\/\/jolliffe.de.<\/strong><\/p>\n\n\n\n<h4 class=\"wp-block-heading\" id=\"kommentare\">Kommentare<\/h4>\n\n\n\n<p>Die Betreiber dieser Seite nehmen den Schutz Ihrer pers\u00f6nlichen Daten sehr ernst. Wir behandeln Ihre personenbezogenen Daten vertraulich und entsprechend der gesetzlichen Datenschutzvorschriften sowie dieser Datenschutzerkl\u00e4rung. Die Nutzung unserer Webseite ist in der Regel ohne Angabe personenbezogener Daten m\u00f6glich. Soweit auf unseren Seiten personenbezogene Daten (beispielsweise Name, Anschrift oder E-Mail-Adressen) erhoben werden, erfolgt dies, soweit m\u00f6glich, stets auf freiwilliger Basis. Diese Daten werden ohne Ihre ausdr\u00fcckliche Zustimmung nicht an Dritte weitergegeben. Wir weisen darauf hin, dass die Daten\u00fcbertragung im Internet (z.B. bei der Kommunikation per E-Mail) Sicherheitsl\u00fccken aufweisen kann. Ein l\u00fcckenloser Schutz der Daten vor dem Zugriff durch Dritte ist nicht m\u00f6glich.<\/p>\n\n\n\n<p>Wenn Besucher Kommentare auf der Website schreiben, sammeln wir die Daten, die im Kommentar-Formular angezeigt werden, au\u00dferdem die IP-Adresse des Besuchers und den User-Agent-String (damit wird der Browser identifiziert), um die Erkennung von Spam zu unterst\u00fctzen.<\/p>\n\n\n\n<p>Aus Ihrer E-Mail-Adresse kann eine anonymisierte Zeichenfolge erstellt (auch Hash genannt) und dem Gravatar-Dienst \u00fcbergeben werden, um zu pr\u00fcfen, ob Sie diesen benutzen. Die Datenschutzerkl\u00e4rung des Gravatar-Dienstes finden Sie hier: https:\/\/automattic.com\/privacy\/. Nachdem Ihr Kommentar freigegeben wurde, ist Ihr Profilbild \u00f6ffentlich im Kontext Ihres Kommentars sichtbar.<\/p>\n\n\n\n<h4 class=\"wp-block-heading\" id=\"medien\">Medien<\/h4>\n\n\n\n<p>Wenn Sie ein registrierter Benutzer sind und Fotos auf diese Website laden, sollten Sie vermeiden, Fotos mit einem EXIF-GPS-Standort hochzuladen. Besucher dieser Website k\u00f6nnten Fotos, die auf dieser Website gespeichert sind, herunterladen und deren Standort-Informationen extrahieren.<\/p>\n\n\n\n<h4 class=\"wp-block-heading\" id=\"youtube\">YouTube <\/h4>\n\n\n\n<p>Unsere Webseite kann in Beitr\u00e4gen Links zu der von Google betriebenen Seite YouTube beinhalten. Betreiber der Seiten ist die YouTube, LLC, 901 Cherry Ave., San Bruno, CA 94066, USA. Wenn Sie eine unserer, mit einem YouTube-Link ausgestatteten Seiten besuchen, wird eine Verbindung zu den Servern von YouTube hergestellt. Dabei wird dem Youtube-Server mitgeteilt, welche unserer Seiten Sie besucht haben. Wenn Sie in Ihrem YouTube-Account eingeloggt sind, erm\u00f6glichen Sie YouTube, Ihr Surfverhalten direkt Ihrem pers\u00f6nlichen Profil zuzuordnen. Dies k\u00f6nnen Sie verhindern, indem Sie sich aus Ihrem YouTube-Account ausloggen. Weitere Informationen zum Umgang von Nutzerdaten finden Sie in der Datenschutzerkl\u00e4rung von YouTube unter: https:\/\/www.google.de\/intl\/de\/policies\/privacy <\/p>\n\n\n\n<h4 class=\"wp-block-heading\" id=\"facebook\">Facebook <\/h4>\n\n\n\n<p>Unsere Website verwendet Links zu Facebook Inc., 1601 S. California Ave, Palo Alto, CA 94304, USA . Bei Aufruf unserer Seiten mit einem Facebook-Link wird eine Verbindung zwischen Ihrem Browser und den Servern von Facebook aufgebaut, wenn Sie diesen Link klicken. Da diese Verbindung ausserhalb unserer Webseite aufgebaut wird, werden keine Daten von unserer Webseite an Facebook \u00fcbertragen. Besitzen Sie einen Facebook-Account, k\u00f6nnen Ihre Daten damit verkn\u00fcpft werden. Wenn Sie keine Zuordnung dieser Daten zu Ihrem Facebook-Account w\u00fcnschen, loggen Sie sich bitte vor dem Klicken auf dem Link auf unserer Seite bei Facebook aus. Mehr erfahren Sie unter diesem Link. <\/p>\n\n\n\n<h4 class=\"wp-block-heading\" id=\"xing\">XING <\/h4>\n\n\n\n<p>Auf dieser Webseite befinden sich Links zu XING. Daher wird beim Klicken auf das Xing-Symbol \u00fcber Ihren Browser eine Verbindung zu den Servern der XING AG, G\u00e4nsemarkt 43, 20354 Hamburg, Deutschland, hergestellt. Eine Speicherung von personenbezogenen Daten von Ihnen \u00fcber den Aufruf dieser Website wird dabei nicht vorgenommen. Aktuell zum Datenschutz diesbez\u00fcglich relevanter Informationen von XING k\u00f6nnen Sie hier nachlesen.<\/p>\n\n\n\n<h4 class=\"wp-block-heading\" id=\"linkedin\">LinkedIn <\/h4>\n\n\n\n<p>Sie finden auf unserer Internetseite Links zum sozialen Netzwerk LinkedIn respektive der LinkedIn Corporation, 2029 Stierlin Court, Mountain View, CA 94043, USA (im Folgenden \u201eLinkedIn\u201c genannt). Die Links zu LinkedIn k\u00f6nnen Sie am entsprechenden Logo erkennen. Bitte beachten Sie, dass sich beim Klicken auf das LinkedIn-Symbol auf unserer Internetseite eine Verbindung ausserhalb unserer Webseite zwischen Ihrem jeweiligen Internetbrowser und dem Server von LinkedIn aufbaut. LinkedIn l\u00e4\u00dft sich damit informierem, dass Sie deren Webseite mit Ihrer IP-Adresse besuchen. Weitere Einzelheiten zur Erhebung der Daten und zu Ihren Rechten sowie Einstellungsoptionen erfahren Sie bei LinkedIn.<\/p>\n\n\n\n<h4 class=\"wp-block-heading\" id=\"cookies\">Cookies<\/h4>\n\n\n\n<p>Wenn Sie einen Kommentar auf unserer Website schreiben, kann das eine Einwilligung sein, Ihren Namen, E-Mail-Adresse und Website in Cookies zu speichern. Dies ist eine Komfortfunktion, damit Sie nicht, wenn Sie einen weiteren Kommentar schreiben, all diese Daten erneut eingeben musst. Diese Cookies werden ein Jahr lang gespeichert.<\/p>\n\n\n\n<p>Falls Sie ein Konto haben und sich auf dieser Website anmelden, werden wir ein tempor\u00e4res Cookie setzen, um festzustellen, ob Ihr Browser Cookies akzeptiert. Dieses Cookie enth\u00e4lt keine personenbezogenen Daten und wird verworfen, wenn Sie Ihren Browser schlie\u00dfen.<\/p>\n\n\n\n<p>Wenn Sie sich anmelden, werden wir einige Cookies einrichten, um Ihre Anmeldeinformationen und Anzeigeoptionen zu speichern. Anmelde-Cookies verfallen nach zwei Tagen und Cookies f\u00fcr die Anzeigeoptionen nach einem Jahr. Falls Sie bei der Anmeldung \u201eAngemeldet bleiben\u201c ausw\u00e4hlen, wird Ihre Anmeldung zwei Wochen lang aufrechterhalten. Mit der Abmeldung aus Ihrem Konto werden die Anmelde-Cookies gel\u00f6scht.<\/p>\n\n\n\n<h4 class=\"wp-block-heading\" id=\"eingebettete-inhalte-von-anderen-websites\">Eingebettete Inhalte von anderen Websites<\/h4>\n\n\n\n<p>Beitr\u00e4ge auf dieser Website k\u00f6nnen eingebettete Inhalte beinhalten (z.&nbsp;B. Videos, Bilder, Beitr\u00e4ge etc.). Eingebettete Inhalte von anderen Websites verhalten sich exakt so, als ob der Besucher die andere Website besucht h\u00e4tte.<\/p>\n\n\n\n<p>Diese Websites k\u00f6nnen Daten \u00fcber Sie sammeln, Cookies benutzen, zus\u00e4tzliche Tracking-Dienste von Dritten einbetten und Ihre Interaktion mit diesem eingebetteten Inhalt aufzeichnen, inklusive Ihrer Interaktion mit dem eingebetteten Inhalt, falls Sie ein Konto haben und auf dieser Website angemeldet sind.<\/p>\n\n\n\n<h4 class=\"wp-block-heading\" id=\"wie-lange-werden-deine-daten-gespeichert\">Wie lange werden deine Daten gespeichert<\/h4>\n\n\n\n<p>Wenn Sie einen Kommentar schreiben, wird dieser inklusive Metadaten zeitlich unbegrenzt gespeichert. Auf diese Art k\u00f6nnen wir Folgekommentare automatisch erkennen und freigeben, anstatt sie in einer Moderations-Warteschlange festzuhalten.<\/p>\n\n\n\n<p>F\u00fcr Benutzer, die sich auf unserer Website registrieren, speichern wir zus\u00e4tzlich die pers\u00f6nlichen Informationen, die sie in ihren Benutzerprofilen angeben. Alle Benutzer k\u00f6nnen jederzeit ihre pers\u00f6nlichen Informationen einsehen, ver\u00e4ndern oder l\u00f6schen (der Benutzername kann nicht ver\u00e4ndert werden). Administratoren der Website k\u00f6nnen diese Informationen ebenfalls einsehen und ver\u00e4ndern.<\/p>\n\n\n\n<h4 class=\"wp-block-heading\" id=\"recht-auf-auskunft-loschung-sperrung-deiner-daten\">Recht auf Auskunft, L\u00f6schung, Sperrung deiner Daten <\/h4>\n\n\n\n<p>Sie haben jederzeit das Recht auf unentgeltliche Auskunft \u00fcber Ihre gespeicherten personenbezogenen Daten, deren Herkunft und Empf\u00e4nger und den Zweck der Datenverarbeitung sowie ein Recht auf Berichtigung, Sperrung oder L\u00f6schung dieser Daten. Dies umfasst nicht die Daten, die wir aufgrund administrativer, rechtlicher oder sicherheitsrelevanter Notwendigkeiten aufbewahren m\u00fcssen. Hierzu, sowie zu weiteren Fragen zum Thema personenbezogene Daten, k\u00f6nnen Sie sich jederzeit unter der im Impressum angegebenen Adresse an uns wenden.<\/p>\n","protected":false},"excerpt":{"rendered":"<p>Wer wir sind Die Adresse dieser Website ist: https:\/\/jolliffe.de. Kommentare Die Betreiber dieser Seite nehmen den Schutz Ihrer pers\u00f6nlichen Daten sehr ernst. Wir behandeln Ihre personenbezogenen Daten vertraulich und entsprechend der gesetzlichen Datenschutzvorschriften sowie&#46;&#46;&#46;<\/p>\n","protected":false},"author":1,"featured_media":0,"parent":0,"menu_order":0,"comment_status":"closed","ping_status":"closed","template":"","meta":{"footnotes":""},"class_list":["post-5392","page","type-page","status-publish","hentry"],"translation":{"provider":"WPGlobus","version":"3.0.2","language":"en","enabled_languages":["de","en"],"languages":{"de":{"title":true,"content":true,"excerpt":false},"en":{"title":false,"content":false,"excerpt":false}}},"_links":{"self":[{"href":"https:\/\/www.jolliffe.de\/en\/wp-json\/wp\/v2\/pages\/5392","targetHints":{"allow":["GET"]}}],"collection":[{"href":"https:\/\/www.jolliffe.de\/en\/wp-json\/wp\/v2\/pages"}],"about":[{"href":"https:\/\/www.jolliffe.de\/en\/wp-json\/wp\/v2\/types\/page"}],"author":[{"embeddable":true,"href":"https:\/\/www.jolliffe.de\/en\/wp-json\/wp\/v2\/users\/1"}],"replies":[{"embeddable":true,"href":"https:\/\/www.jolliffe.de\/en\/wp-json\/wp\/v2\/comments?post=5392"}],"version-history":[{"count":7,"href":"https:\/\/www.jolliffe.de\/en\/wp-json\/wp\/v2\/pages\/5392\/revisions"}],"predecessor-version":[{"id":6510,"href":"https:\/\/www.jolliffe.de\/en\/wp-json\/wp\/v2\/pages\/5392\/revisions\/6510"}],"wp:attachment":[{"href":"https:\/\/www.jolliffe.de\/en\/wp-json\/wp\/v2\/media?parent=5392"}],"curies":[{"name":"wp","href":"https:\/\/api.w.org\/{rel}","templated":true}]}}